{"id":20164,"date":"2025-02-21T11:52:12","date_gmt":"2025-02-21T16:52:12","guid":{"rendered":"https:\/\/canadiansciencecentres.ca\/?page_id=20164"},"modified":"2025-05-27T14:57:51","modified_gmt":"2025-05-27T18:57:51","slug":"cours-freestyle-socials","status":"publish","type":"page","link":"https:\/\/canadiansciencecentres.ca\/fr\/cours-freestyle-socials\/","title":{"rendered":"Cours Freestyle Socials"},"content":{"rendered":"\n<div class=\"wp-block-group alignwide has-casc-blue-background-color has-background is-layout-flow wp-block-group-is-layout-flow\" style=\"border-radius:15px;margin-top:var(--wp--preset--spacing--medium);margin-bottom:var(--wp--preset--spacing--medium);padding-top:var(--wp--preset--spacing--medium);padding-right:var(--wp--preset--spacing--medium);padding-bottom:var(--wp--preset--spacing--medium);padding-left:var(--wp--preset--spacing--medium)\">\n<h1 class=\"wp-block-heading has-white-color has-text-color has-link-color has-large-font-size wp-elements-3d5c6a8cfa7f1a5a0e7ad1049e3bb82a\">Cours Freestyle Socials: Un acc\u00e8s gratuit \u00e0 la version b\u00eata pour les membres d&rsquo;ACCS<\/h1>\n\n\n\n<p class=\"has-white-color has-text-color has-link-color wp-elements-abc8caaad324f08e4166b88372e7d6a6\">L\u2019Association canadienne des centres de sciences a le plaisir de s\u2019associer \u00e0 Science Everywhere pour offrir un acc\u00e8s gratuit \u00e0 la version b\u00eata de leur nouveau cours Freestyle Socials, entre mars 2025 et mars 2026, \u00e0 ses membres et ses collaborateur.trice.s admissibles.<\/p>\n\n\n\n<div data-wp-interactive=\"core\/file\" class=\"wp-block-file\"><object data-wp-bind--hidden=\"!state.hasPdfPreview\" hidden class=\"wp-block-file__embed\" data=\"https:\/\/canadiansciencecentres.ca\/wp-content\/uploads\/2025\/02\/FR-Freestyle-Socials-Course-One-Pager.pdf\" type=\"application\/pdf\" style=\"width:100%;height:600px\" aria-label=\"Contenu embarqu\u00e9 FR - Freestyle Socials Course - One Pager.\"><\/object><a id=\"wp-block-file--media-92728925-e1c8-4d20-8d57-d16239ef9dc2\" href=\"https:\/\/canadiansciencecentres.ca\/wp-content\/uploads\/2025\/02\/FR-Freestyle-Socials-Course-One-Pager.pdf\">FR &#8211; Freestyle Socials Course &#8211; One Pager<\/a><\/div>\n\n\n\n<div class=\"wp-block-buttons is-content-justification-center is-layout-flex wp-container-core-buttons-is-layout-a89b3969 wp-block-buttons-is-layout-flex\">\n<div class=\"wp-block-button is-style-fill\"><a class=\"wp-block-button__link has-text-align-center wp-element-button\" href=\"https:\/\/canadiansciencecentres.ca\/wp-content\/uploads\/2025\/02\/FR-Freestyle-Socials-Course-One-Pager.pdf\">T\u00e9l\u00e9charger notre page d&rsquo;accueil<\/a><\/div>\n<\/div>\n<\/div>\n\n\n\n<p class=\"has-text-align-center has-large-font-size\"><strong><a href=\"https:\/\/docs.google.com\/document\/d\/1JDUFhmDUVyjTta8eFlIj8Hun9jfH54N97suXgaLQZMk\/edit?usp=sharing\">Pour en savoir plus, consultez notre FAQ<\/a><\/strong><\/p>\n","protected":false},"excerpt":{"rendered":"<p>Cours Freestyle Socials: Un acc\u00e8s gratuit \u00e0 la version b\u00eata pour les membres d&rsquo;ACCS L\u2019Association canadienne des centres de sciences a le plaisir de s\u2019associer \u00e0 Science Everywhere pour offrir un acc\u00e8s gratuit \u00e0 la version b\u00eata de leur nouveau cours Freestyle Socials, entre mars 2025 et mars 2026, \u00e0 ses membres et ses collaborateur.trice.s [&hellip;]<\/p>\n","protected":false},"author":6,"featured_media":0,"parent":0,"menu_order":0,"comment_status":"closed","ping_status":"closed","template":"","meta":{"footnotes":""},"class_list":["post-20164","page","type-page","status-publish","hentry"],"acf":[],"_links":{"self":[{"href":"https:\/\/canadiansciencecentres.ca\/fr\/wp-json\/wp\/v2\/pages\/20164","targetHints":{"allow":["GET"]}}],"collection":[{"href":"https:\/\/canadiansciencecentres.ca\/fr\/wp-json\/wp\/v2\/pages"}],"about":[{"href":"https:\/\/canadiansciencecentres.ca\/fr\/wp-json\/wp\/v2\/types\/page"}],"author":[{"embeddable":true,"href":"https:\/\/canadiansciencecentres.ca\/fr\/wp-json\/wp\/v2\/users\/6"}],"replies":[{"embeddable":true,"href":"https:\/\/canadiansciencecentres.ca\/fr\/wp-json\/wp\/v2\/comments?post=20164"}],"version-history":[{"count":4,"href":"https:\/\/canadiansciencecentres.ca\/fr\/wp-json\/wp\/v2\/pages\/20164\/revisions"}],"predecessor-version":[{"id":20425,"href":"https:\/\/canadiansciencecentres.ca\/fr\/wp-json\/wp\/v2\/pages\/20164\/revisions\/20425"}],"wp:attachment":[{"href":"https:\/\/canadiansciencecentres.ca\/fr\/wp-json\/wp\/v2\/media?parent=20164"}],"curies":[{"name":"wp","href":"https:\/\/api.w.org\/{rel}","templated":true}]}}