{"id":20454,"date":"2025-06-04T13:54:47","date_gmt":"2025-06-04T17:54:47","guid":{"rendered":"https:\/\/canadiansciencecentres.ca\/equite-en-action-dans-les-stim\/"},"modified":"2025-10-15T08:48:09","modified_gmt":"2025-10-15T12:48:09","slug":"equite-en-action-dans-les-stim","status":"publish","type":"page","link":"https:\/\/canadiansciencecentres.ca\/fr\/equite-en-action-dans-les-stim\/","title":{"rendered":"\u00c9quit\u00e9 en action dans les STIM"},"content":{"rendered":"\n<div class=\"wp-block-group alignfull svg-background-2 has-white-color has-text-color has-background has-link-color wp-elements-331fd70ef13cf93c2f12fef796c5277a has-global-padding is-layout-constrained wp-block-group-is-layout-constrained\" style=\"background-color:#f3b907;padding-top:var(--wp--preset--spacing--medium);padding-bottom:var(--wp--preset--spacing--medium)\">\n<h1 class=\"wp-block-heading alignwide has-primary-color has-text-color has-link-color has-large-font-size wp-elements-3547473453aa3ac8b4d3e077f94fbecc\">\u00c9quit\u00e9 en action dans les STIM<\/h1>\n\n\n\n<div class=\"wp-block-group alignwide is-layout-flow wp-block-group-is-layout-flow\">\n<p class=\"has-primary-color has-text-color has-link-color wp-elements-6c7131a94a3c667b363b85b0625dea14\">une s\u00e9rie de formations professionnelles<\/p>\n<\/div>\n\n\n\n<figure class=\"wp-block-image alignwide size-full has-custom-border\"><img loading=\"lazy\" decoding=\"async\" width=\"1600\" height=\"400\" src=\"https:\/\/canadiansciencecentres.ca\/wp-content\/uploads\/2025\/09\/STEM_Equity_Banner_BI.png\" alt=\"\" class=\"wp-image-20731\" style=\"border-top-left-radius:0px;border-top-right-radius:0px;border-bottom-left-radius:0px;border-bottom-right-radius:0px\" srcset=\"https:\/\/canadiansciencecentres.ca\/wp-content\/uploads\/2025\/09\/STEM_Equity_Banner_BI.png 1600w, https:\/\/canadiansciencecentres.ca\/wp-content\/uploads\/2025\/09\/STEM_Equity_Banner_BI-640x160.png 640w, https:\/\/canadiansciencecentres.ca\/wp-content\/uploads\/2025\/09\/STEM_Equity_Banner_BI-1280x320.png 1280w, https:\/\/canadiansciencecentres.ca\/wp-content\/uploads\/2025\/09\/STEM_Equity_Banner_BI-768x192.png 768w, https:\/\/canadiansciencecentres.ca\/wp-content\/uploads\/2025\/09\/STEM_Equity_Banner_BI-1536x384.png 1536w\" sizes=\"auto, (max-width: 1600px) 100vw, 1600px\" \/><\/figure>\n<\/div>\n\n<div class=\"wp-block-group alignwide has-border-color is-layout-flow wp-block-group-is-layout-flow\" style=\"border-color:#f15a25;border-radius:15px;padding-top:var(--wp--preset--spacing--medium);padding-right:var(--wp--preset--spacing--medium);padding-bottom:var(--wp--preset--spacing--medium);padding-left:var(--wp--preset--spacing--medium)\">\n<p>Nous sommes ravi.e.s de vous pr\u00e9senter <strong><em>\u00c9quit\u00e9 en action dans les STIM<\/em><\/strong>, un programme pilote de perfectionnement professionnel en cinq modules qui sera lanc\u00e9 en octobre 2025. D\u00e9velopp\u00e9e en partenariat avec <a href=\"https:\/\/www.vosnl.org\" data-type=\"link\" data-id=\"https:\/\/www.vosnl.org\">Visions of Science<\/a> et l&rsquo;Association canadienne des centres de sciences (ACCS), cette s\u00e9rie de formations en direct destin\u00e9e aux cohortes a \u00e9t\u00e9 mise sur pied dans la foul\u00e9e d\u2019un processus d\u2019\u00e9valuation des besoins qui a r\u00e9v\u00e9l\u00e9 la n\u00e9cessit\u00e9 de pouvoir compter sur des outils pratiques, un langage commun et une r\u00e9flexion plus approfondie sur l&rsquo;\u00e9quit\u00e9 dans les STIM. <\/p>\n<\/div>\n\n<div class=\"wp-block-group alignwide has-background is-layout-flow wp-block-group-is-layout-flow\" style=\"border-radius:15px;background-color:#084161;padding-top:var(--wp--preset--spacing--medium);padding-right:var(--wp--preset--spacing--medium);padding-bottom:var(--wp--preset--spacing--medium);padding-left:var(--wp--preset--spacing--medium)\">\n<h2 class=\"wp-block-heading has-white-color has-text-color has-link-color has-medium-font-size wp-elements-896895ce40bed36cbc7f48ec6c673e01\"><strong>\u00c0 qui ce programme s\u2019adresse-t-il\u2009?<\/strong><\/h2>\n\n\n\n<p class=\"has-white-color has-text-color has-link-color wp-elements-d9c53de0320b4dc224718e55569fd72f\">\u00c9quit\u00e9 en action dans les STIM : de la th\u00e9orie \u00e0 la pratique est une s\u00e9rie de formations professionnelles destin\u00e9e aux membres de l&rsquo;ACCS. Nous invitons les \u00e9ducateur rice.s, les planificateur.rice.s de programmes, les administrateur.rices et les d\u00e9cideur.se.s en STIM de tous les niveaux des organisations membres de l&rsquo;ACCS \u00e0 se joindre \u00e0 nous pour cette s\u00e9rie de formations exhaustives.  <\/p>\n\n\n\n<h3 class=\"wp-block-heading has-white-color has-text-color has-link-color has-medium-font-size wp-elements-b4c495e993998cd49644894779db7b78\"><strong>\u00c0 quoi s\u2019attendre <\/strong><\/h3>\n\n\n\n<ul class=\"wp-block-list has-white-color has-text-color has-link-color wp-elements-4c2a75565e003fb1655e8702a4e3127e\">\n<li>Modules en direct anim\u00e9s : sessions interactives d&rsquo;une dur\u00e9e de 60 \u00e0 90 minutes pr\u00e9sent\u00e9es par des animateur.rice.s qualifi\u00e9.e.s.<\/li>\n\n\n\n<li>Chaque module comprend une part \u00e9gale d\u2019\u00e9l\u00e9ments de r\u00e9flexion, d\u2019analyse et de mise en application, favorisant ainsi de r\u00e9els changements dans la mani\u00e8re dont l&rsquo;\u00e9quit\u00e9 en mati\u00e8re de STIM est comprise et mise en pratique au sein de votre organisation\u2009;<\/li>\n\n\n\n<li>Outils concrets : des fiches de travail et des mod\u00e8les pratiques permettant de constituer une bo\u00eete \u00e0 outils organisationnelle\u2009;<\/li>\n\n\n\n<li>R\u00e9flexion flexible : des occasions de participer \u00e0 la fois individuellement et en \u00e9quipe\u2009;<\/li>\n\n\n\n<li>Chaque module est ax\u00e9 sur un ou plusieurs des piliers fondamentaux ci-dessous afin de changer notre fa\u00e7on de penser, de concevoir, d&rsquo;\u00e9valuer et d&rsquo;interagir avec diverses communaut\u00e9s.\n<ul class=\"wp-block-list\">\n<li>\u00c9largir l&rsquo;acc\u00e8s et les possibilit\u00e9s\u2009;<\/li>\n\n\n\n<li>Promouvoir l&rsquo;\u00e9quit\u00e9 des r\u00e9sultats\u2009;<\/li>\n\n\n\n<li>Reconna\u00eetre les STIM partout\u2009;<\/li>\n\n\n\n<li>Utiliser les STIM pour favoriser le changement.<\/li>\n<\/ul>\n<\/li>\n<\/ul>\n<\/div>\n\n<div class=\"wp-block-group alignwide has-border-color is-layout-flow wp-block-group-is-layout-flow\" style=\"border-color:#f15a25;border-radius:15px;padding-top:var(--wp--preset--spacing--medium);padding-right:var(--wp--preset--spacing--medium);padding-bottom:var(--wp--preset--spacing--medium);padding-left:var(--wp--preset--spacing--medium)\">\n<h2 class=\"wp-block-heading has-medium-font-size\"><strong>Principes de conception<\/strong><\/h2>\n\n\n\n<p>Ce cours est :<\/p>\n\n\n\n<ul class=\"wp-block-list\">\n<li>Pratique : ancr\u00e9 dans les r\u00e9alit\u00e9s quotidiennes des organisations de STIM\u2009;<\/li>\n\n\n\n<li>Centr\u00e9 sur l&rsquo;apprenant.e et fond\u00e9 sur les r\u00e9flexions de l&rsquo;apprenant.e : fa\u00e7onn\u00e9 par les commentaires exprim\u00e9s par les personnes \u00e9voluant dans le secteur\u2009;<\/li>\n\n\n\n<li>Collaboratif et participatif : encourage le dialogue entre les \u00e9quipes\u2009;<\/li>\n\n\n\n<li>Ax\u00e9 sur la r\u00e9flexion et les relations : favorise une r\u00e9flexion honn\u00eate sur les syst\u00e8mes, les hypoth\u00e8ses et le pouvoir.<\/li>\n\n\n\n<li>_<\/li>\n<\/ul>\n\n\n\n<h3 class=\"wp-block-heading has-medium-font-size\"><strong>Objectifs d\u2019apprentissage<\/strong><\/h3>\n\n\n\n<p>\u00c0 la fin de cette s\u00e9rie, les participant.e.s :<\/p>\n\n\n\n<ul class=\"wp-block-list\">\n<li>Sauront d\u00e9finir l&rsquo;\u00e9quit\u00e9 en mati\u00e8re de STIM dans leur propre contexte\u2009;<\/li>\n\n\n\n<li>Identifieront les obstacles syst\u00e9miques et \u00e9valueront la situation actuelle en mati\u00e8re d\u2019\u00e9quit\u00e9\u2009;<\/li>\n\n\n\n<li>Cartographieront les domaines o\u00f9 l&rsquo;\u00e9quit\u00e9 est pr\u00e9sente ou absente dans leurs structures organisationnelles\u2009;<\/li>\n\n\n\n<li>Appliqueront les principes de conception inclusive et d&rsquo;\u00e9valuation ax\u00e9e sur l\u2019\u00e9quit\u00e9\u2009;<\/li>\n\n\n\n<li>Cr\u00e9eront une bo\u00eete \u00e0 outils pratique pour guider le travail continu en mati\u00e8re d\u2019\u00e9quit\u00e9 en mati\u00e8re de STIM.<\/li>\n<\/ul>\n<\/div>\n\n<div class=\"wp-block-group alignwide has-white-color has-text-color has-background has-link-color wp-elements-68e83698b6f8b8d5e3e28e84180157d6 is-layout-flow wp-block-group-is-layout-flow\" style=\"border-radius:15px;background-color:#084161;padding-top:var(--wp--preset--spacing--medium);padding-right:var(--wp--preset--spacing--medium);padding-bottom:var(--wp--preset--spacing--medium);padding-left:var(--wp--preset--spacing--medium)\">\n<h2 class=\"wp-block-heading has-medium-font-size\"><strong>Pourquoi est-ce important\u2009?<\/strong><\/h2>\n\n\n\n<p>Cette s\u00e9rie a \u00e9t\u00e9 \u00e9labor\u00e9e dans la foul\u00e9e de l&rsquo;\u00e9valuation des besoins en mati\u00e8re d&rsquo;\u00e9quit\u00e9 dans les STIM pour l\u2019ann\u00e9e 2024, dans le cadre de laquelle des organisations de partout au Canada ont identifi\u00e9 les d\u00e9fis suivants :<\/p>\n\n\n\n<ul class=\"wp-block-list\">\n<li>Un manque de clart\u00e9 quant \u00e0 la signification r\u00e9elle de l&rsquo;\u00e9quit\u00e9 dans les STIM\u2009;<\/li>\n\n\n\n<li>Un besoin d&rsquo;outils structur\u00e9s et pratiques, et pas seulement de discussions\u2009;<\/li>\n\n\n\n<li>La n\u00e9cessit\u00e9 de mieux comprendre les besoins divers du secteur et d\u2019\u00e9viter les solutions uniformes\u2009;<\/li>\n\n\n\n<li>Ce cours ne vise pas simplement \u00e0 cocher des cases, mais \u00e0 favoriser la clart\u00e9, susciter l&rsquo;engagement et permettre aux participant.e.s de d\u00e9velopper les comp\u00e9tences n\u00e9cessaires pour accomplir ce travail de mani\u00e8re significative.<\/li>\n<\/ul>\n<\/div>\n\n<div class=\"wp-block-group alignwide has-border-color is-layout-flow wp-block-group-is-layout-flow\" style=\"border-color:#f15a25;border-radius:15px;padding-top:var(--wp--preset--spacing--medium);padding-right:var(--wp--preset--spacing--medium);padding-bottom:var(--wp--preset--spacing--medium);padding-left:var(--wp--preset--spacing--medium)\">\n<h2 class=\"wp-block-heading has-medium-font-size\"><strong>Composantes du cours<\/strong><\/h2>\n\n\n\n<ul class=\"wp-block-list\">\n<li>Regarder et \u00e9couter : animation en direct <\/li>\n\n\n\n<li>T\u00e9l\u00e9charger et lire : mod\u00e8les de bo\u00eetes \u00e0 outils, guides d&rsquo;auto-\u00e9valuation, fiches de travail<\/li>\n\n\n\n<li>R\u00e9fl\u00e9chir et participer : r\u00e9flexions introductives, questions pour lancer la discussion, mini-exercices<\/li>\n\n\n\n<li>Communiquer et r\u00e9seauter : communaut\u00e9 de pratique facultative (en direct ou asynchrone) <\/li>\n<\/ul>\n\n\n\n<h3 class=\"wp-block-heading has-medium-font-size\"><strong>\u00c9ch\u00e9ancier + attentes<\/strong><\/h3>\n\n\n\n<p>Pour d\u00e9marrer, l\u2019ACCS invite jusqu&rsquo;\u00e0 15 personnes \u00e0 participer \u00e0 un programme pilote qui permettra de recueillir des commentaires en vue de d\u00e9velopper un cours de certification final. <\/p>\n\n\n\n<p>En participant \u00e0 ce programme pilote, vous : <\/p>\n\n\n\n<ul class=\"wp-block-list\">\n<li>Recevrez une subvention de 200 $ de l&rsquo;ACCS<\/li>\n\n\n\n<li>Serez reconnu.e comme co-cr\u00e9ateur.rice de la s\u00e9rie de formations\u2009;<\/li>\n\n\n\n<li>Obtiendrez une trousse d\u2019outils \u00c9quit\u00e9 dans les STIM pour mettre en pratique ce que vous avez appris. <\/li>\n<\/ul>\n\n\n\n<p>Les sessions du programme pilote se d\u00e9rouleront d&rsquo;octobre 2025 \u00e0 avril 2026 (les r\u00e9unions auront lieu en octobre, novembre, janvier, f\u00e9vrier et avril). La participation au programme pilote implique l&rsquo;engagement \u00e0 fournir des commentaires via des sondages, ainsi qu&rsquo;\u00e0 participer \u00e0 deux sessions de commentaires en direct avec un groupe de discussion. <\/p>\n\n\n\n<p>La version finale sera pr\u00e9sent\u00e9e \u00e0 tous les membres de l\u2019ACCS en septembre 2026. Cette version finale comprendra un certificat d&rsquo;ach\u00e8vement. <\/p>\n<\/div>\n\n<div class=\"wp-block-group alignwide has-background is-layout-flow wp-block-group-is-layout-flow\" style=\"border-radius:15px;background-color:#f3b907;margin-top:25px;margin-bottom:25px;padding-top:var(--wp--preset--spacing--medium);padding-right:var(--wp--preset--spacing--medium);padding-bottom:var(--wp--preset--spacing--medium);padding-left:var(--wp--preset--spacing--medium)\">\n<h3 class=\"wp-block-heading has-primary-color has-text-color has-link-color wp-elements-c9c9e6f6c51591452f3297c5efd537c0\">Rencontrez l&rsquo;\u00e9quipe <\/h3>\n\n\n\n<div class=\"wp-block-columns has-white-background-color has-background is-layout-flex wp-container-core-columns-is-layout-28f84493 wp-block-columns-is-layout-flex\">\n<div class=\"wp-block-column is-vertically-aligned-center is-layout-flow wp-block-column-is-layout-flow\" style=\"flex-basis:33.33%\">\n<figure class=\"wp-block-image size-full\"><img loading=\"lazy\" decoding=\"async\" width=\"500\" height=\"500\" src=\"https:\/\/canadiansciencecentres.ca\/wp-content\/uploads\/2025\/06\/Headshot_Eugenia.jpg\" alt=\"\" class=\"wp-image-20487\" srcset=\"https:\/\/canadiansciencecentres.ca\/wp-content\/uploads\/2025\/06\/Headshot_Eugenia.jpg 500w, https:\/\/canadiansciencecentres.ca\/wp-content\/uploads\/2025\/06\/Headshot_Eugenia-160x160.jpg 160w\" sizes=\"auto, (max-width: 500px) 100vw, 500px\" \/><\/figure>\n<\/div>\n\n\n\n<div class=\"wp-block-column is-vertically-aligned-center is-layout-flow wp-block-column-is-layout-flow\" style=\"flex-basis:66.66%\">\n<p><strong><em><strong>Dre Eugenia Duodu Addy<\/strong><\/em><\/strong><\/p>\n\n\n\n<p>La Dre Eugenia Duodu Addy est PDG de Visions of Science, une organisation caritative qui a pour mission de transformer les communaut\u00e9s, la soci\u00e9t\u00e9 et la plan\u00e8te gr\u00e2ce \u00e0 un acc\u00e8s \u00e9quitable aux STIM. \u00c0 ce titre, elle dirige l&rsquo;organisation dans ses efforts pour faciliter l&rsquo;engagement des jeunes au sein de leur communaut\u00e9, renforcer les r\u00e9seaux de soutien \u00e0 la jeunesse et promover un changement syst\u00e9mique plus large. Eugenia est une championne, consultante et leader d&rsquo;opinion dans les domaines de l&rsquo;\u00e9quit\u00e9 dans les STIM, du leadership et du d\u00e9veloppement communautaire. Elle agit \u00e0 titre de consultante en \u00e9ducation et d&rsquo;experte en la mati\u00e8re pour des initiatives m\u00e9diatiques ax\u00e9es sur les STIM, et si\u00e8ge aux conseils d&rsquo;administration de l&rsquo;Ontario Science Centre, de la Toronto Foundation et de la Fondation canadienne de counseling. Eugenia est titulaire d&rsquo;un baccalaur\u00e9at sp\u00e9cialis\u00e9 en chimie et en biologie, ainsi que d&rsquo;un doctorat en chimie de l&rsquo;Universit\u00e9 de Toronto.    <\/p>\n<\/div>\n<\/div>\n\n\n\n<div style=\"height:10px\" aria-hidden=\"true\" class=\"wp-block-spacer\"><\/div>\n\n\n\n<div class=\"wp-block-columns has-white-background-color has-background is-layout-flex wp-container-core-columns-is-layout-28f84493 wp-block-columns-is-layout-flex\">\n<div class=\"wp-block-column is-vertically-aligned-center is-layout-flow wp-block-column-is-layout-flow\" style=\"flex-basis:33.33%\">\n<figure class=\"wp-block-image size-full\"><img loading=\"lazy\" decoding=\"async\" width=\"500\" height=\"500\" src=\"https:\/\/canadiansciencecentres.ca\/wp-content\/uploads\/2025\/06\/Headshot_Desiree.jpg\" alt=\"\" class=\"wp-image-20485\" srcset=\"https:\/\/canadiansciencecentres.ca\/wp-content\/uploads\/2025\/06\/Headshot_Desiree.jpg 500w, https:\/\/canadiansciencecentres.ca\/wp-content\/uploads\/2025\/06\/Headshot_Desiree-160x160.jpg 160w\" sizes=\"auto, (max-width: 500px) 100vw, 500px\" \/><\/figure>\n<\/div>\n\n\n\n<div class=\"wp-block-column is-vertically-aligned-center is-layout-flow wp-block-column-is-layout-flow\" style=\"flex-basis:66.66%\">\n<p><strong><em><strong>Desir\u00e9e Sylvestre<\/strong><\/em><\/strong><\/p>\n\n\n\n<p>Desir\u00e9e Sylvestre est directrice de l&rsquo;\u00e9ducation chez Visions of Science, o\u00f9 elle dirige l&rsquo;engagement des \u00e9ducateurs et des aidants, soutient la conception de programmes ax\u00e9s sur l&rsquo;\u00e9quit\u00e9 et \u00e9tablit des partenariats strat\u00e9giques. Son travail se concentre sur l&rsquo;\u00e9ducation scientifique ax\u00e9e sur la justice et la promotion des communaut\u00e9s noires et racialis\u00e9es. Elle apporte son exp\u00e9rience en tant qu&rsquo;enseignante, recherchatrice et consultante en programmes d&rsquo;\u00e9tudes, et termine actuellement son doctorat en leadership et politique \u00e9ducative \u00e0 l&rsquo;Universit\u00e9 de Toronto.  <\/p>\n<\/div>\n<\/div>\n\n\n\n<div style=\"height:10px\" aria-hidden=\"true\" class=\"wp-block-spacer\"><\/div>\n\n\n\n<div class=\"wp-block-columns has-white-background-color has-background is-layout-flex wp-container-core-columns-is-layout-28f84493 wp-block-columns-is-layout-flex\">\n<div class=\"wp-block-column is-vertically-aligned-center is-layout-flow wp-block-column-is-layout-flow\" style=\"flex-basis:33.33%\">\n<figure class=\"wp-block-image size-full\"><img loading=\"lazy\" decoding=\"async\" width=\"500\" height=\"500\" src=\"https:\/\/canadiansciencecentres.ca\/wp-content\/uploads\/2025\/06\/Headshot_Zarah.jpg\" alt=\"\" class=\"wp-image-20491\" srcset=\"https:\/\/canadiansciencecentres.ca\/wp-content\/uploads\/2025\/06\/Headshot_Zarah.jpg 500w, https:\/\/canadiansciencecentres.ca\/wp-content\/uploads\/2025\/06\/Headshot_Zarah-160x160.jpg 160w\" sizes=\"auto, (max-width: 500px) 100vw, 500px\" \/><\/figure>\n<\/div>\n\n\n\n<div class=\"wp-block-column is-vertically-aligned-center is-layout-flow wp-block-column-is-layout-flow\" style=\"flex-basis:66.66%\">\n<p><strong><em><strong>Zarah Suficiencia<\/strong><\/em><\/strong><\/p>\n\n\n\n<p>Zarah Suficiencia est directrice principale des programmes Catalyst chez Visions of Science. Elle dirige une \u00e9quipe qui s&rsquo;efforce d&rsquo;\u00e9largir la port\u00e9e de l&rsquo;organisation et d&rsquo;approfondir son impact, en veillant \u00e0 ce que les jeunes des communaut\u00e9s sous-repr\u00e9sent\u00e9es se reconnaissent dans les STIM et les per\u00e7oivent comme une discipline amusante, accessible et pertinente. Forte d&rsquo;une exp\u00e9rience dans les domaines de l&rsquo;\u00e9ducation et de l&rsquo;engagement communautaire, elle apporte une perspective \u00e9quitable au d\u00e9veloppement de programmes et \u00e0 l&rsquo;\u00e9tablissement de partenariats.  <\/p>\n<\/div>\n<\/div>\n\n\n\n<div style=\"height:10px\" aria-hidden=\"true\" class=\"wp-block-spacer\"><\/div>\n\n\n\n<div class=\"wp-block-columns has-white-background-color has-background is-layout-flex wp-container-core-columns-is-layout-28f84493 wp-block-columns-is-layout-flex\">\n<div class=\"wp-block-column is-vertically-aligned-center is-layout-flow wp-block-column-is-layout-flow\" style=\"flex-basis:33.33%\">\n<figure class=\"wp-block-image size-full\"><img loading=\"lazy\" decoding=\"async\" width=\"750\" height=\"750\" src=\"https:\/\/canadiansciencecentres.ca\/wp-content\/uploads\/2025\/06\/Headshot_Yi.jpg\" alt=\"\" class=\"wp-image-20489\" srcset=\"https:\/\/canadiansciencecentres.ca\/wp-content\/uploads\/2025\/06\/Headshot_Yi.jpg 750w, https:\/\/canadiansciencecentres.ca\/wp-content\/uploads\/2025\/06\/Headshot_Yi-640x640.jpg 640w, https:\/\/canadiansciencecentres.ca\/wp-content\/uploads\/2025\/06\/Headshot_Yi-160x160.jpg 160w\" sizes=\"auto, (max-width: 750px) 100vw, 750px\" \/><\/figure>\n<\/div>\n\n\n\n<div class=\"wp-block-column is-vertically-aligned-center is-layout-flow wp-block-column-is-layout-flow\" style=\"flex-basis:66.66%\">\n<p><strong><em><strong>Yi Lu<\/strong><\/em><\/strong><\/p>\n\n\n\n<p>Yi Lu est directrice de l&rsquo;\u00e9quipe et de la culture chez Visions of Science. Elle dirige les initiatives en mati\u00e8re de strat\u00e9gie humaine, de d\u00e9veloppement organisationnel et de cr\u00e9ation d&rsquo;une culture d&rsquo;entreprise qui favorisent l&rsquo;\u00e9panouissement d&rsquo;une \u00e9quipe dynamique et align\u00e9e sur la mission de l&rsquo;organisation. Forte de pr\u00e8s de dix ans d&rsquo;exp\u00e9rience dans le secteur \u00e0 but non lucratif, notamment dans les domaines de la programmation, des op\u00e9rations et des ressources humaines, Yi s&rsquo;engage \u00e0 mettre en place des syst\u00e8mes \u00e9quitables qui favorisent la croissance et le sentiment d&rsquo;appartenance. Elle est titulaire d&rsquo;un baccalaur\u00e9at en sciences et d&rsquo;un baccalaur\u00e9at en \u00e9ducation de l&rsquo;Universit\u00e9 de Toronto.   <\/p>\n<\/div>\n<\/div>\n<\/div>\n\n\n<div class=\"wp-block-group has-global-padding is-layout-constrained wp-container-core-group-is-layout-8217c53c wp-block-group-is-layout-constrained\" style=\"padding-top:var(--wp--preset--spacing--medium);padding-right:var(--wp--preset--spacing--medium);padding-bottom:var(--wp--preset--spacing--medium);padding-left:var(--wp--preset--spacing--medium)\">\n<figure class=\"wp-block-image aligncenter size-full\"><img decoding=\"async\" src=\"https:\/\/canadiansciencecentres.ca\/wp-content\/uploads\/2025\/10\/Canada_Wordmark_FR.png\" alt=\"\" class=\"wp-image-20764\" style=\"object-fit:cover\"\/><\/figure>\n<\/div>\n","protected":false},"excerpt":{"rendered":"<p>\u00c9quit\u00e9 en action dans les STIM une s\u00e9rie de formations professionnelles Nous sommes ravi.e.s de vous pr\u00e9senter \u00c9quit\u00e9 en action dans les STIM, un programme pilote de perfectionnement professionnel en cinq modules qui sera lanc\u00e9 en octobre 2025. D\u00e9velopp\u00e9e en partenariat avec Visions of Science et l&rsquo;Association canadienne des centres de sciences (ACCS), cette s\u00e9rie [&hellip;]<\/p>\n","protected":false},"author":2,"featured_media":0,"parent":0,"menu_order":0,"comment_status":"closed","ping_status":"closed","template":"","meta":{"footnotes":""},"class_list":["post-20454","page","type-page","status-publish","hentry"],"acf":[],"_links":{"self":[{"href":"https:\/\/canadiansciencecentres.ca\/fr\/wp-json\/wp\/v2\/pages\/20454","targetHints":{"allow":["GET"]}}],"collection":[{"href":"https:\/\/canadiansciencecentres.ca\/fr\/wp-json\/wp\/v2\/pages"}],"about":[{"href":"https:\/\/canadiansciencecentres.ca\/fr\/wp-json\/wp\/v2\/types\/page"}],"author":[{"embeddable":true,"href":"https:\/\/canadiansciencecentres.ca\/fr\/wp-json\/wp\/v2\/users\/2"}],"replies":[{"embeddable":true,"href":"https:\/\/canadiansciencecentres.ca\/fr\/wp-json\/wp\/v2\/comments?post=20454"}],"version-history":[{"count":11,"href":"https:\/\/canadiansciencecentres.ca\/fr\/wp-json\/wp\/v2\/pages\/20454\/revisions"}],"predecessor-version":[{"id":20782,"href":"https:\/\/canadiansciencecentres.ca\/fr\/wp-json\/wp\/v2\/pages\/20454\/revisions\/20782"}],"wp:attachment":[{"href":"https:\/\/canadiansciencecentres.ca\/fr\/wp-json\/wp\/v2\/media?parent=20454"}],"curies":[{"name":"wp","href":"https:\/\/api.w.org\/{rel}","templated":true}]}}