{"id":20660,"date":"2025-09-08T20:29:18","date_gmt":"2025-09-09T00:29:18","guid":{"rendered":"https:\/\/canadiansciencecentres.ca\/semaine-de-la-culture-scientifique\/"},"modified":"2025-09-08T20:33:04","modified_gmt":"2025-09-09T00:33:04","slug":"semaine-de-la-culture-scientifique","status":"publish","type":"page","link":"https:\/\/canadiansciencecentres.ca\/fr\/semaine-de-la-culture-scientifique\/","title":{"rendered":"Semaine de la culture scientifique"},"content":{"rendered":"\n<div class=\"wp-block-group alignfull svg-background-2 has-white-color has-text-color has-background has-link-color wp-elements-33f637a1b7c0682164bcf7695d3a8d57 has-global-padding is-layout-constrained wp-block-group-is-layout-constrained\" style=\"background-color:#0d5177\">\n<div class=\"wp-block-columns alignwide is-layout-flex wp-container-core-columns-is-layout-28f84493 wp-block-columns-is-layout-flex\">\n<div class=\"wp-block-column is-layout-flow wp-block-column-is-layout-flow\" style=\"padding-top:var(--wp--preset--spacing--x-large);padding-right:var(--wp--preset--spacing--large)\">\n<h1 class=\"wp-block-heading has-large-font-size\">Reliant les gens aux r\u00e9cits, aux savoirs et aux communaut\u00e9s qui fa\u00e7onnent notre plan\u00e8te, et notre avenir.<\/h1>\n\n\n\n<p>La Semaine de la culture scientifique est une campagne nationale ambitieuse, pr\u00e9sent\u00e9e par l\u2019ACCS en partenariat avec des \u00e9ducateur\u00b7ice\u00b7s, <a href=\"https:\/\/canadiansciencecentres.ca\/fr\/notre-reseau-de-membres\/\">des membres de l\u2019ACCS<\/a>, des biblioth\u00e8ques, des organismes gouvernementaux et bien d\u2019autres. En unissant nos forces, nous souhaitons \u00e9veiller la curiosit\u00e9, c\u00e9l\u00e9brer la science canadienne et renforcer l\u2019engagement du public envers l\u2019apprentissage des STIM.  <\/p>\n\n\n\n<div class=\"wp-block-buttons is-layout-flex wp-block-buttons-is-layout-flex\" style=\"margin-top:var(--wp--preset--spacing--medium);margin-bottom:var(--wp--preset--spacing--medium)\">\n<div class=\"wp-block-button is-style-outline is-style-outline--2\"><a class=\"wp-block-button__link wp-element-button\" href=\"https:\/\/culturescientifique.ca\" target=\"_blank\" rel=\"noreferrer noopener\">Visitez la Semaine de la culture scientifique<\/a><\/div>\n<\/div>\n<\/div>\n\n\n\n<div class=\"wp-block-column is-layout-flow wp-block-column-is-layout-flow\" style=\"padding-top:var(--wp--preset--spacing--x-large);padding-bottom:var(--wp--preset--spacing--x-large);padding-left:var(--wp--preset--spacing--x-large)\">\n<figure class=\"wp-block-image aligncenter size-full has-custom-border\"><img loading=\"lazy\" decoding=\"async\" width=\"300\" height=\"221\" src=\"https:\/\/canadiansciencecentres.ca\/wp-content\/uploads\/2025\/09\/SLW_FR_Wordmark_WHITE.png\" alt=\"\" class=\"wp-image-20655\" style=\"border-top-left-radius:0px;border-top-right-radius:0px;border-bottom-left-radius:0px;border-bottom-right-radius:0px\"\/><\/figure>\n<\/div>\n<\/div>\n<\/div>\n","protected":false},"excerpt":{"rendered":"<p>Reliant les gens aux r\u00e9cits, aux savoirs et aux communaut\u00e9s qui fa\u00e7onnent notre plan\u00e8te, et notre avenir. La Semaine de la culture scientifique est une campagne nationale ambitieuse, pr\u00e9sent\u00e9e par l\u2019ACCS en partenariat avec des \u00e9ducateur\u00b7ice\u00b7s, des membres de l\u2019ACCS, des biblioth\u00e8ques, des organismes gouvernementaux et bien d\u2019autres. En unissant nos forces, nous souhaitons \u00e9veiller [&hellip;]<\/p>\n","protected":false},"author":2,"featured_media":0,"parent":0,"menu_order":0,"comment_status":"closed","ping_status":"closed","template":"","meta":{"footnotes":""},"class_list":["post-20660","page","type-page","status-publish","hentry"],"acf":[],"_links":{"self":[{"href":"https:\/\/canadiansciencecentres.ca\/fr\/wp-json\/wp\/v2\/pages\/20660","targetHints":{"allow":["GET"]}}],"collection":[{"href":"https:\/\/canadiansciencecentres.ca\/fr\/wp-json\/wp\/v2\/pages"}],"about":[{"href":"https:\/\/canadiansciencecentres.ca\/fr\/wp-json\/wp\/v2\/types\/page"}],"author":[{"embeddable":true,"href":"https:\/\/canadiansciencecentres.ca\/fr\/wp-json\/wp\/v2\/users\/2"}],"replies":[{"embeddable":true,"href":"https:\/\/canadiansciencecentres.ca\/fr\/wp-json\/wp\/v2\/comments?post=20660"}],"version-history":[{"count":1,"href":"https:\/\/canadiansciencecentres.ca\/fr\/wp-json\/wp\/v2\/pages\/20660\/revisions"}],"predecessor-version":[{"id":20661,"href":"https:\/\/canadiansciencecentres.ca\/fr\/wp-json\/wp\/v2\/pages\/20660\/revisions\/20661"}],"wp:attachment":[{"href":"https:\/\/canadiansciencecentres.ca\/fr\/wp-json\/wp\/v2\/media?parent=20660"}],"curies":[{"name":"wp","href":"https:\/\/api.w.org\/{rel}","templated":true}]}}