{"id":20810,"date":"2025-10-09T15:43:56","date_gmt":"2025-10-09T19:43:56","guid":{"rendered":"https:\/\/canadiansciencecentres.ca\/de-laction-a-limpact\/"},"modified":"2025-12-22T09:56:17","modified_gmt":"2025-12-22T14:56:17","slug":"de-laction-a-limpact","status":"publish","type":"page","link":"https:\/\/canadiansciencecentres.ca\/fr\/de-laction-a-limpact\/","title":{"rendered":"De l\u2019action \u00e0 l\u2019impact"},"content":{"rendered":"\n<div class=\"wp-block-group alignfull svg-background-2 has-white-color has-text-color has-background has-link-color wp-elements-aa79b54d79136c0da27946d480987cf8 has-global-padding is-layout-constrained wp-block-group-is-layout-constrained\" style=\"background-color:#153f4f;padding-top:var(--wp--preset--spacing--medium);padding-bottom:var(--wp--preset--spacing--medium)\">\n<div class=\"wp-block-columns alignwide is-layout-flex wp-container-core-columns-is-layout-28f84493 wp-block-columns-is-layout-flex\">\n<div class=\"wp-block-column is-vertically-aligned-top is-layout-flow wp-block-column-is-layout-flow\" style=\"padding-top:var(--wp--preset--spacing--x-large);padding-right:var(--wp--preset--spacing--large)\">\n<h1 class=\"wp-block-heading has-large-font-size\">Programme de financement De l\u2019action \u00e0 l\u2019impact<\/h1>\n\n\n\n<h2 class=\"wp-block-heading has-medium-font-size\">Le programme de financement De l\u2019action \u00e0 l\u2019impact offre aux membres de l&rsquo;ACCS les ressources et le soutien dont ils ont besoin pour aider leurs communaut\u00e9s \u00e0 lutter contre les changements climatiques et \u00e0 contrer la d\u00e9sinformation, en particulier aupr\u00e8s des communaut\u00e9s m\u00e9ritant l&rsquo;\u00e9quit\u00e9 de partout au Canada.<\/h2>\n\n\n\n<div class=\"wp-block-buttons is-content-justification-center is-layout-flex wp-container-core-buttons-is-layout-a89b3969 wp-block-buttons-is-layout-flex\">\n<div class=\"wp-block-button\"><a class=\"wp-block-button__link has-text-align-center wp-element-button\" href=\"https:\/\/canadiansciencecentres.ca\/wp-content\/uploads\/2025\/10\/Guide-du-programme-Programme-de-financement-transitoire-De-laction-a-limpact.pdf\" target=\"_blank\" rel=\"noreferrer noopener\">Consultez le guide des programmes<\/a><\/div>\n<\/div>\n<\/div>\n\n\n\n<div class=\"wp-block-column is-layout-flow wp-block-column-is-layout-flow\" style=\"padding-top:var(--wp--preset--spacing--x-large);padding-bottom:var(--wp--preset--spacing--x-large);padding-left:var(--wp--preset--spacing--x-large)\">\n<figure class=\"wp-block-image aligncenter size-full has-custom-border\"><img loading=\"lazy\" decoding=\"async\" width=\"1080\" height=\"553\" src=\"https:\/\/canadiansciencecentres.ca\/wp-content\/uploads\/2025\/10\/Action_to_Impact_BI.jpg\" alt=\"\" class=\"wp-image-20760\" style=\"border-radius:15px\" srcset=\"https:\/\/canadiansciencecentres.ca\/wp-content\/uploads\/2025\/10\/Action_to_Impact_BI.jpg 1080w, https:\/\/canadiansciencecentres.ca\/wp-content\/uploads\/2025\/10\/Action_to_Impact_BI-640x328.jpg 640w, https:\/\/canadiansciencecentres.ca\/wp-content\/uploads\/2025\/10\/Action_to_Impact_BI-768x393.jpg 768w\" sizes=\"auto, (max-width: 1080px) 100vw, 1080px\" \/><\/figure>\n<\/div>\n<\/div>\n<\/div>\n\n<div class=\"wp-block-group alignfull has-casc-yellow-background-color has-background is-layout-flow wp-block-group-is-layout-flow\" style=\"margin-top:0;margin-bottom:0;padding-top:var(--wp--preset--spacing--small);padding-right:var(--wp--preset--spacing--small);padding-bottom:var(--wp--preset--spacing--small);padding-left:var(--wp--preset--spacing--small)\">\n<h3 class=\"wp-block-heading has-text-align-center has-medium-font-size\"><strong>La p\u00e9riode de mise en candidature pour le programme de financement De l&rsquo;action \u00e0 l&rsquo;impact est d\u00e9sormais ferm\u00e9e. Merci de l&rsquo;int\u00e9r\u00eat que vous avez port\u00e9 \u00e0 ce programme. Les candidat.e.s recevront des informations sur le statut de leur proposition au d\u00e9but de l\u2019ann\u00e9e 2026.  <\/strong><\/h3>\n\n\n\n<p class=\"has-text-align-center\">Si vous avez des questions concernant le programme de financement De l&rsquo;action \u00e0 l&rsquo;impact ou les opportunit\u00e9s de financement \u00e0 venir, veuillez nous envoyer un courriel \u00e0 <a href=\"mailto:Funding@CASC-ACCS.com\">Funding@CASC-ACCS.com<\/a><\/p>\n<\/div>\n\n<div class=\"wp-block-group alignwide is-layout-flow wp-block-group-is-layout-flow\">\n<h2 class=\"wp-block-heading\">Programme de financement transitoire de l&rsquo;ACCS<\/h2>\n\n\n\n<p>Le programme de financement De l&rsquo;action \u00e0 l&rsquo;impact est soutenu par le Fonds strat\u00e9gique des sciences d&rsquo;Innovation, Sciences et D\u00e9veloppement \u00e9conomique Canada. Ce programme de financement par fonds de transfert correspond au mandat de l&rsquo;ACCS, qui consiste \u00e0 rendre la science accessible, pertinente et compr\u00e9hensible, tout en abordant les d\u00e9fis mondiaux auxquels nous sommes confront\u00e9s, notamment la crise climatique et la prolif\u00e9ration de la d\u00e9sinformation.  <\/p>\n\n\n\n<p>En collaboration avec les membres de l&rsquo;ACCS, notre objectif commun est de rejoindre plus de 65\u2009000 jeunes m\u00e9ritant.e.s et leurs familles \u00e0 travers le pays.<\/p>\n<\/div>\n\n<div class=\"wp-block-group alignwide has-casc-green-background-color has-background is-layout-flow wp-block-group-is-layout-flow\" style=\"border-radius:15px;padding-top:var(--wp--preset--spacing--medium);padding-right:var(--wp--preset--spacing--medium);padding-bottom:var(--wp--preset--spacing--medium);padding-left:var(--wp--preset--spacing--medium)\">\n<h2 class=\"wp-block-heading\">Appel aux propositions<\/h2>\n\n\n\n<p>L&rsquo;appel aux propositions est d\u00e9sormais ouvert pour le programme de financement par fonds de transfert De l&rsquo;action \u00e0 l&rsquo;impact.<\/p>\n\n\n\n<p>Le programme de financement accordera jusqu&rsquo;\u00e0 <strong>100\u2009000 $ par an pendant un maximum de deux ans<\/strong> aux organisations pr\u00e9sentement membres de l&rsquo;ACCS qui remplissent les crit\u00e8res d\u2019admissibilit\u00e9. Veuillez noter que les minist\u00e8res f\u00e9d\u00e9raux, les organismes ou les soci\u00e9t\u00e9s d&rsquo;\u00c9tat du gouvernement du Canada ne sont pas admissibles. Les organisations qui se sont jointes \u00e0 l&rsquo;ACCS <strong>apr\u00e8s le 22 octobre 2025<\/strong> ne sont pas admissibles au financement de cette ann\u00e9e, mais pourraient \u00eatre admissibles \u00e0 de futures opportunit\u00e9s.  <\/p>\n\n\n\n<p>Le financement soutiendra l&rsquo;\u00e9laboration et la mise en \u0153uvre d&rsquo;activit\u00e9s anim\u00e9es qui s&rsquo;inscrivent dans l&rsquo;un des deux th\u00e8mes suivants : <strong>Action climatique men\u00e9e par la communaut\u00e9<\/strong> OU <strong>Contrer la d\u00e9sinformation scientifique<\/strong>. Les activit\u00e9s doivent \u00eatre pertinentes pour les communaut\u00e9s m\u00e9ritant l&rsquo;\u00e9quit\u00e9 \u00e0 travers le Canada. Il s&rsquo;agit notamment des communaut\u00e9s autochtones (Premi\u00e8res Nations, Inuits et M\u00e9tis), des personnes racis\u00e9es vivant au Canada, des nouveaux.elles arrivant.e.s, des personnes 2ELGBTQIA+, des femmes et des filles, des personnes en situation de handicap, des personnes \u00e0 faible revenu ou sans domicile fixe, et des populations rurales et isol\u00e9es.  <\/p>\n\n\n\n<p>Les candidat.e.s peuvent demander une aide pour une dur\u00e9e maximale de deux ans, \u00e9tant entendu que <strong>le financement de la deuxi\u00e8me ann\u00e9e est tributaire de la r\u00e9ussite de la premi\u00e8re ann\u00e9e.<\/strong><\/p>\n\n\n\n<p>Les activit\u00e9s se doivent d&rsquo;\u00eatre anim\u00e9es en direct (en personne ou en ligne) et doivent \u00eatre <strong>con\u00e7ues en collaboration avec les communaut\u00e9s m\u00e9ritant l&rsquo;\u00e9quit\u00e9<\/strong> afin de garantir que leur format et leur contenu r\u00e9pondent \u00e0 leurs besoins. Les activit\u00e9s doivent viser \u00e0 : <\/p>\n\n\n\n<ul class=\"wp-block-list\">\n<li>Sensibiliser davantage au sujet choisi et approfondir les connaissances \u00e0 ce sujet\u2009;<\/li>\n\n\n\n<li>Approfondir la compr\u00e9hension du sujet\u2009;<\/li>\n\n\n\n<li>Motiver les participant.e.s \u00e0 entreprendre des actions positives\u2009;<\/li>\n\n\n\n<li>Susciter l&rsquo;int\u00e9r\u00eat des jeunes participant.e.s pour les carri\u00e8res dans les domaines des sciences, de la technologie, de l&rsquo;ing\u00e9nierie et des math\u00e9matiques (STIM).<\/li>\n<\/ul>\n\n\n\n<p class=\"has-text-align-center\">Pour plus de d\u00e9tails, veuillez consulter le <strong>Guide du programme de financement<\/strong> dont le lien figure ci-dessous.<\/p>\n\n\n\n<div class=\"wp-block-buttons is-content-justification-center is-layout-flex wp-container-core-buttons-is-layout-a89b3969 wp-block-buttons-is-layout-flex\">\n<div class=\"wp-block-button is-style-fill\"><a class=\"wp-block-button__link has-white-color has-text-color has-background has-link-color wp-element-button\" href=\"https:\/\/canadiansciencecentres.ca\/wp-content\/uploads\/2025\/10\/Guide-du-programme-Programme-de-financement-transitoire-De-laction-a-limpact.pdf\" style=\"background-color:#153f4f\" target=\"_blank\" rel=\"noreferrer noopener\"><strong>Guide du programme<\/strong><\/a><\/div>\n<\/div>\n\n\n\n<p class=\"has-text-align-center\">Pour plus d&rsquo;informations, veuillez consulter le document <strong>Foire aux questions<\/strong> accessible au lien ci-dessous.<\/p>\n\n\n\n<div class=\"wp-block-buttons is-content-justification-center is-layout-flex wp-container-core-buttons-is-layout-a89b3969 wp-block-buttons-is-layout-flex\">\n<div class=\"wp-block-button\"><a class=\"wp-block-button__link has-white-color has-text-color has-background has-link-color has-text-align-center wp-element-button\" href=\"https:\/\/canadiansciencecentres.ca\/wp-content\/uploads\/2025\/11\/Programme-de-financement-De-laction-a-limpact-Foire-aux-questions.pdf\" style=\"background-color:#153f4f\" target=\"_blank\" rel=\"noreferrer noopener\"><strong><strong>Foire aux questions<\/strong><\/strong><\/a><\/div>\n<\/div>\n<\/div>\n\n<div class=\"wp-block-group alignwide has-background is-layout-flow wp-block-group-is-layout-flow\" style=\"border-radius:15px;background-color:#153f4f;padding-top:var(--wp--preset--spacing--medium);padding-right:var(--wp--preset--spacing--medium);padding-bottom:var(--wp--preset--spacing--medium);padding-left:var(--wp--preset--spacing--medium)\">\n<h2 class=\"wp-block-heading has-white-color has-text-color has-link-color wp-elements-dc31124edb3ecfabc6debed75c4570df\">Th\u00e8mes du programme<\/h2>\n\n\n\n<p class=\"has-white-color has-text-color has-link-color wp-elements-983911cb81b68ea9974effd49b5fe7ad\">Les organisations admissibles peuvent postuler pour l&rsquo;un des deux th\u00e8mes du programme :<\/p>\n\n\n\n<div class=\"wp-block-columns is-layout-flex wp-container-core-columns-is-layout-28f84493 wp-block-columns-is-layout-flex\">\n<div class=\"wp-block-column has-white-background-color has-background is-layout-flow wp-block-column-is-layout-flow\" style=\"border-radius:15px;padding-top:var(--wp--preset--spacing--small);padding-right:var(--wp--preset--spacing--small);padding-bottom:var(--wp--preset--spacing--small);padding-left:var(--wp--preset--spacing--small)\">\n<h3 class=\"wp-block-heading has-medium-font-size\">Action climatique men\u00e9e par la communaut\u00e9<\/h3>\n\n\n\n<p>Les activit\u00e9s relevant de ce th\u00e8me doivent : <\/p>\n\n\n\n<ul class=\"wp-block-list\">\n<li>Approfondir les connaissances et la compr\u00e9hension des participant.e.s sur les changements climatiques en tant que d\u00e9fi mondial ayant des cons\u00e9quences locales\u2009;<\/li>\n\n\n\n<li>Fournir des exemples d&rsquo;effets environnementaux et humains des changements climatiques pertinents au niveau local\u2009;<\/li>\n\n\n\n<li>Expliquer les causes et les cons\u00e9quences de la r\u00e9partition in\u00e9gale des effets des changements climatiques au sein de la communaut\u00e9\u2009;<\/li>\n\n\n\n<li>Inciter les participant.e.s \u00e0 prendre les mesures climatiques les plus appropri\u00e9es et les plus efficaces pour leur communaut\u00e9.<\/li>\n<\/ul>\n<\/div>\n\n\n\n<div class=\"wp-block-column has-white-background-color has-background is-layout-flow wp-block-column-is-layout-flow\" style=\"border-radius:15px;padding-top:var(--wp--preset--spacing--small);padding-right:var(--wp--preset--spacing--small);padding-bottom:var(--wp--preset--spacing--small);padding-left:var(--wp--preset--spacing--small)\">\n<h3 class=\"wp-block-heading has-medium-font-size\">Contrer la d\u00e9sinformation scientifique<\/h3>\n\n\n\n<p>Les activit\u00e9s relevant de ce th\u00e8me doivent :<\/p>\n\n\n\n<ul class=\"wp-block-list\">\n<li>Approfondir les connaissances et la compr\u00e9hension des participant.e.s sur un sujet scientifique ou en rapport \u00e0 la sant\u00e9 qui est pertinent au niveau local, susceptible de faire l&rsquo;objet de d\u00e9sinformation et est li\u00e9 \u00e0 des d\u00e9fis mondiaux\u2009;<\/li>\n\n\n\n<li>Aborder les effets de la d\u00e9sinformation sur leur communaut\u00e9\u2009;<\/li>\n\n\n\n<li>Fournir des strat\u00e9gies transf\u00e9rables et fond\u00e9es sur des preuves pour aider les participants \u00e0 identifier la d\u00e9sinformation\u2009;<\/li>\n\n\n\n<li>Inciter les participant.e.s \u00e0 agir pour r\u00e9duire la propagation de la d\u00e9sinformation.<\/li>\n<\/ul>\n<\/div>\n<\/div>\n<\/div>\n\n<div class=\"wp-block-group alignwide has-casc-yellow-background-color has-background is-layout-flow wp-block-group-is-layout-flow\" style=\"border-radius:15px;padding-top:var(--wp--preset--spacing--medium);padding-right:var(--wp--preset--spacing--medium);padding-bottom:var(--wp--preset--spacing--medium);padding-left:var(--wp--preset--spacing--medium)\">\n<h2 class=\"wp-block-heading\">S\u00e9ance d\u2019information sur le programme<\/h2>\n\n\n\n<p>Regardez l&rsquo;enregistrement de notre s\u00e9ance d&rsquo;information qui s&rsquo;est tenue le 13 novembre 2025 pour en savoir plus sur le programme.<\/p>\n\n\n\n<figure class=\"wp-block-embed is-type-video is-provider-youtube wp-block-embed-youtube wp-embed-aspect-16-9 wp-has-aspect-ratio\"><div class=\"wp-block-embed__wrapper\">\n<iframe loading=\"lazy\" title=\"Action to Impact Program Information Session\" width=\"500\" height=\"281\" src=\"https:\/\/www.youtube.com\/embed\/SvC6agmRjQk?feature=oembed\" frameborder=\"0\" allow=\"accelerometer; autoplay; clipboard-write; encrypted-media; gyroscope; picture-in-picture; web-share\" referrerpolicy=\"strict-origin-when-cross-origin\" allowfullscreen><\/iframe>\n<\/div><\/figure>\n<\/div>\n\n<div class=\"wp-block-group alignwide is-layout-flow wp-block-group-is-layout-flow\" style=\"padding-top:var(--wp--preset--spacing--medium);padding-right:var(--wp--preset--spacing--medium);padding-bottom:var(--wp--preset--spacing--medium);padding-left:var(--wp--preset--spacing--medium)\">\n<p class=\"has-text-align-center\">Veuillez t\u00e9l\u00e9charger et consulter <a href=\"https:\/\/canadiansciencecentres.ca\/wp-content\/uploads\/2025\/10\/Guide-du-programme-Programme-de-financement-transitoire-De-laction-a-limpact.pdf\" data-type=\"link\" data-id=\"https:\/\/canadiansciencecentres.ca\/wp-content\/uploads\/2025\/10\/Guide-du-programme-Programme-de-financement-transitoire-De-laction-a-limpact.pdf\" target=\"_blank\" rel=\"noreferrer noopener\">le guide du programme.<\/a> Si vous avez des questions, veuillez nous envoyer un courriel \u00e0 <a href=\"mailto:Funding@CASC-ACCS.com\">Funding@CASC-ACCS.com<\/a>.<\/p>\n\n\n\n<figure class=\"wp-block-image aligncenter size-full is-resized\"><img decoding=\"async\" src=\"https:\/\/canadiansciencecentres.ca\/wp-content\/uploads\/2025\/10\/Canada_Wordmark_FR.png\" alt=\"\" class=\"wp-image-20764\" style=\"width:400px\"\/><\/figure>\n<\/div>\n","protected":false},"excerpt":{"rendered":"<p>Programme de financement De l\u2019action \u00e0 l\u2019impact Le programme de financement De l\u2019action \u00e0 l\u2019impact offre aux membres de l&rsquo;ACCS les ressources et le soutien dont ils ont besoin pour aider leurs communaut\u00e9s \u00e0 lutter contre les changements climatiques et \u00e0 contrer la d\u00e9sinformation, en particulier aupr\u00e8s des communaut\u00e9s m\u00e9ritant l&rsquo;\u00e9quit\u00e9 de partout au Canada. [&hellip;]<\/p>\n","protected":false},"author":2,"featured_media":0,"parent":0,"menu_order":0,"comment_status":"closed","ping_status":"closed","template":"","meta":{"footnotes":""},"class_list":["post-20810","page","type-page","status-publish","hentry"],"acf":[],"_links":{"self":[{"href":"https:\/\/canadiansciencecentres.ca\/fr\/wp-json\/wp\/v2\/pages\/20810","targetHints":{"allow":["GET"]}}],"collection":[{"href":"https:\/\/canadiansciencecentres.ca\/fr\/wp-json\/wp\/v2\/pages"}],"about":[{"href":"https:\/\/canadiansciencecentres.ca\/fr\/wp-json\/wp\/v2\/types\/page"}],"author":[{"embeddable":true,"href":"https:\/\/canadiansciencecentres.ca\/fr\/wp-json\/wp\/v2\/users\/2"}],"replies":[{"embeddable":true,"href":"https:\/\/canadiansciencecentres.ca\/fr\/wp-json\/wp\/v2\/comments?post=20810"}],"version-history":[{"count":18,"href":"https:\/\/canadiansciencecentres.ca\/fr\/wp-json\/wp\/v2\/pages\/20810\/revisions"}],"predecessor-version":[{"id":20923,"href":"https:\/\/canadiansciencecentres.ca\/fr\/wp-json\/wp\/v2\/pages\/20810\/revisions\/20923"}],"wp:attachment":[{"href":"https:\/\/canadiansciencecentres.ca\/fr\/wp-json\/wp\/v2\/media?parent=20810"}],"curies":[{"name":"wp","href":"https:\/\/api.w.org\/{rel}","templated":true}]}}